{"id":744,"date":"2023-06-07T13:39:53","date_gmt":"2023-06-07T11:39:53","guid":{"rendered":"https:\/\/beauty-bike.fr\/?post_type=product&#038;p=744"},"modified":"2025-11-10T16:26:58","modified_gmt":"2025-11-10T15:26:58","slug":"1-seance-sauna-en-duo-de-30-minutes-en-cabine-privee","status":"publish","type":"product","link":"https:\/\/beauty-bike.fr\/index.php\/produit\/1-seance-sauna-en-duo-de-30-minutes-en-cabine-privee\/","title":{"rendered":"1 s\u00e9ance sauna en DUO de 30 minutes en cabine priv\u00e9e"},"content":{"rendered":"<p>Partez \u00e0 la d\u00e9couverte de notre espace d\u00e9tente avec notre sauna \u00e0 infrarouge en cabine priv\u00e9e en duo.<br \/>\nCelui-ci permet de d\u00e9livrer une chaleur saine et s\u00e8che totalement diff\u00e9rente de celle ressentie dans les saunas traditionnels.<\/p>\n<p>Le sauna permet de vous d\u00e9tendre, d\u2019\u00e9vacuer vos tensions du quotidien, d\u2019\u00e9liminer les toxines, de purifier votre peau, de diminuer vos douleurs lombaires et musculaires.<\/p>\n","protected":false},"excerpt":{"rendered":"<p>Valable un an \u00e0 partir de la date d&#8217;achat.<\/p>\n<p>Partez \u00e0 la d\u00e9couverte de notre espace d\u00e9tente avec notre sauna \u00e0 infrarouge en cabine priv\u00e9e en duo.<br \/>\nCelui-ci permet de d\u00e9livrer une chaleur saine et s\u00e8che totalement diff\u00e9rente de celle ressentie dans les saunas traditionnels.<\/p>\n<p>Le sauna permet de vous d\u00e9tendre, d&#8217;\u00e9vacuer vos tensions du quotidien, d&#8217;\u00e9liminer les toxines, de purifier votre peau, de diminuer vos douleurs lombaires et musculaires.<\/p>\n","protected":false},"featured_media":306,"comment_status":"open","ping_status":"closed","template":"","meta":[],"product_brand":[],"product_cat":[29],"product_tag":[],"class_list":{"0":"post-744","1":"product","2":"type-product","3":"status-publish","4":"has-post-thumbnail","6":"product_cat-bien-etre","8":"first","9":"instock","10":"taxable","11":"shipping-taxable","12":"purchasable","13":"product-type-simple"},"yoast_head":"<!-- This site is optimized with the Yoast SEO plugin v27.5 - https:\/\/yoast.com\/product\/yoast-seo-wordpress\/ -->\n<title>1 s\u00e9ance sauna en DUO de 30 minutes en cabine priv\u00e9e - BeautyBike<\/title>\n<meta name=\"robots\" content=\"index, follow, max-snippet:-1, max-image-preview:large, max-video-preview:-1\" \/>\n<link rel=\"canonical\" href=\"https:\/\/beauty-bike.fr\/index.php\/produit\/1-seance-sauna-en-duo-de-30-minutes-en-cabine-privee\/\" \/>\n<meta property=\"og:locale\" content=\"en_US\" \/>\n<meta property=\"og:type\" content=\"article\" \/>\n<meta property=\"og:title\" content=\"1 s\u00e9ance sauna en DUO de 30 minutes en cabine priv\u00e9e - BeautyBike\" \/>\n<meta property=\"og:description\" content=\"Valable un an \u00e0 partir de la date d&#039;achat.  Partez \u00e0 la d\u00e9couverte de notre espace d\u00e9tente avec notre sauna \u00e0 infrarouge en cabine priv\u00e9e en duo. Celui-ci permet de d\u00e9livrer une chaleur saine et s\u00e8che totalement diff\u00e9rente de celle ressentie dans les saunas traditionnels.  Le sauna permet de vous d\u00e9tendre, d&#039;\u00e9vacuer vos tensions du quotidien, d&#039;\u00e9liminer les toxines, de purifier votre peau, de diminuer vos douleurs lombaires et musculaires.\" \/>\n<meta property=\"og:url\" content=\"https:\/\/beauty-bike.fr\/index.php\/produit\/1-seance-sauna-en-duo-de-30-minutes-en-cabine-privee\/\" \/>\n<meta property=\"og:site_name\" content=\"BeautyBike\" \/>\n<meta property=\"article:modified_time\" content=\"2025-11-10T15:26:58+00:00\" \/>\n<meta property=\"og:image\" content=\"https:\/\/beauty-bike.fr\/wp-content\/uploads\/2023\/03\/Aquabiking-HD-Yoan-Jeudy-20-1024x683.jpg\" \/>\n\t<meta property=\"og:image:width\" content=\"1024\" \/>\n\t<meta property=\"og:image:height\" content=\"683\" \/>\n\t<meta property=\"og:image:type\" content=\"image\/jpeg\" \/>\n<meta name=\"twitter:card\" content=\"summary_large_image\" \/>\n<meta name=\"twitter:label1\" content=\"Est. reading time\" \/>\n\t<meta name=\"twitter:data1\" content=\"1 minute\" \/>\n<script type=\"application\/ld+json\" class=\"yoast-schema-graph\">{\"@context\":\"https:\\\/\\\/schema.org\",\"@graph\":[{\"@type\":\"WebPage\",\"@id\":\"https:\\\/\\\/beauty-bike.fr\\\/index.php\\\/produit\\\/1-seance-sauna-en-duo-de-30-minutes-en-cabine-privee\\\/\",\"url\":\"https:\\\/\\\/beauty-bike.fr\\\/index.php\\\/produit\\\/1-seance-sauna-en-duo-de-30-minutes-en-cabine-privee\\\/\",\"name\":\"1 s\u00e9ance sauna en DUO de 30 minutes en cabine priv\u00e9e - BeautyBike\",\"isPartOf\":{\"@id\":\"https:\\\/\\\/beauty-bike.fr\\\/#website\"},\"primaryImageOfPage\":{\"@id\":\"https:\\\/\\\/beauty-bike.fr\\\/index.php\\\/produit\\\/1-seance-sauna-en-duo-de-30-minutes-en-cabine-privee\\\/#primaryimage\"},\"image\":{\"@id\":\"https:\\\/\\\/beauty-bike.fr\\\/index.php\\\/produit\\\/1-seance-sauna-en-duo-de-30-minutes-en-cabine-privee\\\/#primaryimage\"},\"thumbnailUrl\":\"https:\\\/\\\/beauty-bike.fr\\\/wp-content\\\/uploads\\\/2023\\\/03\\\/Aquabiking-HD-Yoan-Jeudy-20.jpg\",\"datePublished\":\"2023-06-07T11:39:53+00:00\",\"dateModified\":\"2025-11-10T15:26:58+00:00\",\"breadcrumb\":{\"@id\":\"https:\\\/\\\/beauty-bike.fr\\\/index.php\\\/produit\\\/1-seance-sauna-en-duo-de-30-minutes-en-cabine-privee\\\/#breadcrumb\"},\"inLanguage\":\"en-US\",\"potentialAction\":[{\"@type\":\"ReadAction\",\"target\":[\"https:\\\/\\\/beauty-bike.fr\\\/index.php\\\/produit\\\/1-seance-sauna-en-duo-de-30-minutes-en-cabine-privee\\\/\"]}]},{\"@type\":\"ImageObject\",\"inLanguage\":\"en-US\",\"@id\":\"https:\\\/\\\/beauty-bike.fr\\\/index.php\\\/produit\\\/1-seance-sauna-en-duo-de-30-minutes-en-cabine-privee\\\/#primaryimage\",\"url\":\"https:\\\/\\\/beauty-bike.fr\\\/wp-content\\\/uploads\\\/2023\\\/03\\\/Aquabiking-HD-Yoan-Jeudy-20.jpg\",\"contentUrl\":\"https:\\\/\\\/beauty-bike.fr\\\/wp-content\\\/uploads\\\/2023\\\/03\\\/Aquabiking-HD-Yoan-Jeudy-20.jpg\",\"width\":8192,\"height\":5464},{\"@type\":\"BreadcrumbList\",\"@id\":\"https:\\\/\\\/beauty-bike.fr\\\/index.php\\\/produit\\\/1-seance-sauna-en-duo-de-30-minutes-en-cabine-privee\\\/#breadcrumb\",\"itemListElement\":[{\"@type\":\"ListItem\",\"position\":1,\"name\":\"Boutique en ligne\",\"item\":\"https:\\\/\\\/beauty-bike.fr\\\/index.php\\\/boutique-en-ligne\\\/\"},{\"@type\":\"ListItem\",\"position\":2,\"name\":\"1 s\u00e9ance sauna en DUO de 30 minutes en cabine priv\u00e9e\"}]},{\"@type\":\"WebSite\",\"@id\":\"https:\\\/\\\/beauty-bike.fr\\\/#website\",\"url\":\"https:\\\/\\\/beauty-bike.fr\\\/\",\"name\":\"BeautyBike\",\"description\":\"Votre centre d&#039;aquabike depuis 12 ans\",\"publisher\":{\"@id\":\"https:\\\/\\\/beauty-bike.fr\\\/#organization\"},\"potentialAction\":[{\"@type\":\"SearchAction\",\"target\":{\"@type\":\"EntryPoint\",\"urlTemplate\":\"https:\\\/\\\/beauty-bike.fr\\\/?s={search_term_string}\"},\"query-input\":{\"@type\":\"PropertyValueSpecification\",\"valueRequired\":true,\"valueName\":\"search_term_string\"}}],\"inLanguage\":\"en-US\"},{\"@type\":\"Organization\",\"@id\":\"https:\\\/\\\/beauty-bike.fr\\\/#organization\",\"name\":\"BeautyBike\",\"url\":\"https:\\\/\\\/beauty-bike.fr\\\/\",\"logo\":{\"@type\":\"ImageObject\",\"inLanguage\":\"en-US\",\"@id\":\"https:\\\/\\\/beauty-bike.fr\\\/#\\\/schema\\\/logo\\\/image\\\/\",\"url\":\"https:\\\/\\\/beauty-bike.fr\\\/wp-content\\\/uploads\\\/2023\\\/04\\\/cropped-Logo-BeautyBike-contour.png\",\"contentUrl\":\"https:\\\/\\\/beauty-bike.fr\\\/wp-content\\\/uploads\\\/2023\\\/04\\\/cropped-Logo-BeautyBike-contour.png\",\"width\":924,\"height\":231,\"caption\":\"BeautyBike\"},\"image\":{\"@id\":\"https:\\\/\\\/beauty-bike.fr\\\/#\\\/schema\\\/logo\\\/image\\\/\"}}]}<\/script>\n<!-- \/ Yoast SEO plugin. -->","yoast_head_json":{"title":"1 s\u00e9ance sauna en DUO de 30 minutes en cabine priv\u00e9e - BeautyBike","robots":{"index":"index","follow":"follow","max-snippet":"max-snippet:-1","max-image-preview":"max-image-preview:large","max-video-preview":"max-video-preview:-1"},"canonical":"https:\/\/beauty-bike.fr\/index.php\/produit\/1-seance-sauna-en-duo-de-30-minutes-en-cabine-privee\/","og_locale":"en_US","og_type":"article","og_title":"1 s\u00e9ance sauna en DUO de 30 minutes en cabine priv\u00e9e - BeautyBike","og_description":"Valable un an \u00e0 partir de la date d'achat.  Partez \u00e0 la d\u00e9couverte de notre espace d\u00e9tente avec notre sauna \u00e0 infrarouge en cabine priv\u00e9e en duo. Celui-ci permet de d\u00e9livrer une chaleur saine et s\u00e8che totalement diff\u00e9rente de celle ressentie dans les saunas traditionnels.  Le sauna permet de vous d\u00e9tendre, d'\u00e9vacuer vos tensions du quotidien, d'\u00e9liminer les toxines, de purifier votre peau, de diminuer vos douleurs lombaires et musculaires.","og_url":"https:\/\/beauty-bike.fr\/index.php\/produit\/1-seance-sauna-en-duo-de-30-minutes-en-cabine-privee\/","og_site_name":"BeautyBike","article_modified_time":"2025-11-10T15:26:58+00:00","og_image":[{"width":1024,"height":683,"url":"https:\/\/beauty-bike.fr\/wp-content\/uploads\/2023\/03\/Aquabiking-HD-Yoan-Jeudy-20-1024x683.jpg","type":"image\/jpeg"}],"twitter_card":"summary_large_image","twitter_misc":{"Est. reading time":"1 minute"},"schema":{"@context":"https:\/\/schema.org","@graph":[{"@type":"WebPage","@id":"https:\/\/beauty-bike.fr\/index.php\/produit\/1-seance-sauna-en-duo-de-30-minutes-en-cabine-privee\/","url":"https:\/\/beauty-bike.fr\/index.php\/produit\/1-seance-sauna-en-duo-de-30-minutes-en-cabine-privee\/","name":"1 s\u00e9ance sauna en DUO de 30 minutes en cabine priv\u00e9e - BeautyBike","isPartOf":{"@id":"https:\/\/beauty-bike.fr\/#website"},"primaryImageOfPage":{"@id":"https:\/\/beauty-bike.fr\/index.php\/produit\/1-seance-sauna-en-duo-de-30-minutes-en-cabine-privee\/#primaryimage"},"image":{"@id":"https:\/\/beauty-bike.fr\/index.php\/produit\/1-seance-sauna-en-duo-de-30-minutes-en-cabine-privee\/#primaryimage"},"thumbnailUrl":"https:\/\/beauty-bike.fr\/wp-content\/uploads\/2023\/03\/Aquabiking-HD-Yoan-Jeudy-20.jpg","datePublished":"2023-06-07T11:39:53+00:00","dateModified":"2025-11-10T15:26:58+00:00","breadcrumb":{"@id":"https:\/\/beauty-bike.fr\/index.php\/produit\/1-seance-sauna-en-duo-de-30-minutes-en-cabine-privee\/#breadcrumb"},"inLanguage":"en-US","potentialAction":[{"@type":"ReadAction","target":["https:\/\/beauty-bike.fr\/index.php\/produit\/1-seance-sauna-en-duo-de-30-minutes-en-cabine-privee\/"]}]},{"@type":"ImageObject","inLanguage":"en-US","@id":"https:\/\/beauty-bike.fr\/index.php\/produit\/1-seance-sauna-en-duo-de-30-minutes-en-cabine-privee\/#primaryimage","url":"https:\/\/beauty-bike.fr\/wp-content\/uploads\/2023\/03\/Aquabiking-HD-Yoan-Jeudy-20.jpg","contentUrl":"https:\/\/beauty-bike.fr\/wp-content\/uploads\/2023\/03\/Aquabiking-HD-Yoan-Jeudy-20.jpg","width":8192,"height":5464},{"@type":"BreadcrumbList","@id":"https:\/\/beauty-bike.fr\/index.php\/produit\/1-seance-sauna-en-duo-de-30-minutes-en-cabine-privee\/#breadcrumb","itemListElement":[{"@type":"ListItem","position":1,"name":"Boutique en ligne","item":"https:\/\/beauty-bike.fr\/index.php\/boutique-en-ligne\/"},{"@type":"ListItem","position":2,"name":"1 s\u00e9ance sauna en DUO de 30 minutes en cabine priv\u00e9e"}]},{"@type":"WebSite","@id":"https:\/\/beauty-bike.fr\/#website","url":"https:\/\/beauty-bike.fr\/","name":"BeautyBike","description":"Votre centre d&#039;aquabike depuis 12 ans","publisher":{"@id":"https:\/\/beauty-bike.fr\/#organization"},"potentialAction":[{"@type":"SearchAction","target":{"@type":"EntryPoint","urlTemplate":"https:\/\/beauty-bike.fr\/?s={search_term_string}"},"query-input":{"@type":"PropertyValueSpecification","valueRequired":true,"valueName":"search_term_string"}}],"inLanguage":"en-US"},{"@type":"Organization","@id":"https:\/\/beauty-bike.fr\/#organization","name":"BeautyBike","url":"https:\/\/beauty-bike.fr\/","logo":{"@type":"ImageObject","inLanguage":"en-US","@id":"https:\/\/beauty-bike.fr\/#\/schema\/logo\/image\/","url":"https:\/\/beauty-bike.fr\/wp-content\/uploads\/2023\/04\/cropped-Logo-BeautyBike-contour.png","contentUrl":"https:\/\/beauty-bike.fr\/wp-content\/uploads\/2023\/04\/cropped-Logo-BeautyBike-contour.png","width":924,"height":231,"caption":"BeautyBike"},"image":{"@id":"https:\/\/beauty-bike.fr\/#\/schema\/logo\/image\/"}}]}},"jetpack_sharing_enabled":true,"_links":{"self":[{"href":"https:\/\/beauty-bike.fr\/index.php\/wp-json\/wp\/v2\/product\/744","targetHints":{"allow":["GET"]}}],"collection":[{"href":"https:\/\/beauty-bike.fr\/index.php\/wp-json\/wp\/v2\/product"}],"about":[{"href":"https:\/\/beauty-bike.fr\/index.php\/wp-json\/wp\/v2\/types\/product"}],"replies":[{"embeddable":true,"href":"https:\/\/beauty-bike.fr\/index.php\/wp-json\/wp\/v2\/comments?post=744"}],"wp:featuredmedia":[{"embeddable":true,"href":"https:\/\/beauty-bike.fr\/index.php\/wp-json\/wp\/v2\/media\/306"}],"wp:attachment":[{"href":"https:\/\/beauty-bike.fr\/index.php\/wp-json\/wp\/v2\/media?parent=744"}],"wp:term":[{"taxonomy":"product_brand","embeddable":true,"href":"https:\/\/beauty-bike.fr\/index.php\/wp-json\/wp\/v2\/product_brand?post=744"},{"taxonomy":"product_cat","embeddable":true,"href":"https:\/\/beauty-bike.fr\/index.php\/wp-json\/wp\/v2\/product_cat?post=744"},{"taxonomy":"product_tag","embeddable":true,"href":"https:\/\/beauty-bike.fr\/index.php\/wp-json\/wp\/v2\/product_tag?post=744"}],"curies":[{"name":"wp","href":"https:\/\/api.w.org\/{rel}","templated":true}]}}