{"id":573,"date":"2023-04-06T09:41:19","date_gmt":"2023-04-06T07:41:19","guid":{"rendered":"https:\/\/beauty-bike.fr\/index.php\/produit\/album-2\/"},"modified":"2025-12-31T18:14:37","modified_gmt":"2025-12-31T17:14:37","slug":"aquabike10","status":"publish","type":"product","link":"https:\/\/beauty-bike.fr\/index.php\/produit\/aquabike10\/","title":{"rendered":"1 s\u00e9ance d\u00e9couverte de 30 minutes d&#8217;aquabiking en cabine priv\u00e9e"},"content":{"rendered":"<h4>Valable un an \u00e0 partir de la date d&#8217;achat.<br \/>\nPour votre s\u00e9ance, vous aurez besoin d\u2019une serviette de bain, d\u2019un maillot de bain et des chaussons d\u2019aquabiking.<\/h4>\n<h4>Vous pouvez profiter de la cabine DUO qui vous permet de r\u00e9aliser votre s\u00e9ance avec un (e) ami(e) mais chaque client doit r\u00e9gler sa s\u00e9ance en choisissant cette option.<\/h4>\n","protected":false},"excerpt":{"rendered":"<p><u>L&#8217;aquabike est parfait pour : <\/u><\/p>\n<ul>\n<li>Les personnes\u00a0 qui souhaitent essayer ou reprendre\u00a0 une activit\u00e9 sportive.<\/li>\n<li>Les personnes qui veulent s&#8217;entretenir physiquement ou retrouver la forme.<\/li>\n<li>Les seniors d\u00e9sireux de pratiquer une activit\u00e9 non traumatisante pour le corps.<\/li>\n<li>Les sportifs qui recherchent une activit\u00e9 compl\u00e9mentaire ou souhaitant r\u00e9cup\u00e9rer apr\u00e8s une comp\u00e9tition sportive.<\/li>\n<li>Les personnes \u00e0 la recherche d&#8217;un moment de d\u00e9tente, un moment de bien-\u00eatre.<\/li>\n<li>Les femmes enceintes sans contre-indications m\u00e9dicales<\/li>\n<\/ul>\n<p><u>Les bienfaits de l\u2019aquabike\u00a0: <\/u><\/p>\n<p>L\u2019aquabike est une activit\u00e9 \u00ab3 en 1\u00bb qui associe les bienfaits de l\u2019eau, du v\u00e9lo et de l\u2019hydromassage.<\/p>\n<p>L\u2019hydromassage aide \u00e0 supprimer la peau d\u2019orange, r\u00e9duire la cellulite, stimuler les muscles.<\/p>\n<p>L\u2019aquabike permet d&#8217;allier le bien-\u00eatre et le c\u00f4t\u00e9 sportif.<\/p>\n<p>Les b\u00e9n\u00e9fices de cette activit\u00e9 bien-\u00eatre sont nombreux : br\u00fbler des calories, affiner sa silhouette, travailler le corps dans sa totalit\u00e9, d\u00e9velopper l&#8217;endurance et le souffle.<\/p>\n<p>Cette activit\u00e9 non\u00a0 traumatisante pour les articulations, aide \u00e0 am\u00e9liorer \u00e9galement la circulation sanguine et ainsi retrouver des jambes l\u00e9g\u00e8res, et obtenir une peau plus lisse.<\/p>\n<p>L&#8217;aquabiking est utilis\u00e9 aussi par de nombreux sportifs pour la r\u00e9cup\u00e9ration physique ou la pr\u00e9paration physique.<\/p>\n<p>3 vid\u00e9os de coaching d&#8217;intensit\u00e9s diverses ( niveau d\u00e9butant \u00e0 confirm\u00e9) vont vous permettre de\u00a0 travailler\u00a0 jambes, fessiers mais aussi bras et dos !<\/p>\n<p><strong>Les avantages d&#8217;une cabine individuelle:<\/strong><\/p>\n<p>-Vous r\u00e9alisez votre s\u00e9ance en toute intimit\u00e9<\/p>\n<p>-Vous choisissez la temp\u00e9rature de l&#8217;eau<\/p>\n<p>-Vous choisissez la vid\u00e9o de coaching selon le degr\u00e9 de difficult\u00e9 que vous souhaitez r\u00e9aliser<\/p>\n<p>-Vous choisissez l&#8217;horaire de votre s\u00e9ance (toujours sur rv)<\/p>\n<p>-Vous profitez des jets hydromassants qui viennent compl\u00e9ter les bienfaits de l&#8217;eau en ciblant les cuisses, les mollets, le dos\u00a0 et le fessier.<\/p>\n","protected":false},"featured_media":381,"comment_status":"open","ping_status":"closed","template":"","meta":[],"product_brand":[],"product_cat":[25],"product_tag":[],"class_list":{"0":"post-573","1":"product","2":"type-product","3":"status-publish","4":"has-post-thumbnail","6":"product_cat-sport","8":"first","9":"instock","10":"sale","11":"virtual","12":"taxable","13":"purchasable","14":"product-type-simple"},"yoast_head":"<!-- This site is optimized with the Yoast SEO plugin v27.5 - https:\/\/yoast.com\/product\/yoast-seo-wordpress\/ -->\n<title>1 s\u00e9ance d\u00e9couverte de 30 minutes d&#039;aquabiking en cabine priv\u00e9e - BeautyBike<\/title>\n<meta name=\"robots\" content=\"index, follow, max-snippet:-1, max-image-preview:large, max-video-preview:-1\" \/>\n<link rel=\"canonical\" href=\"https:\/\/beauty-bike.fr\/index.php\/produit\/aquabike10\/\" \/>\n<meta property=\"og:locale\" content=\"en_US\" \/>\n<meta property=\"og:type\" content=\"article\" \/>\n<meta property=\"og:title\" content=\"1 s\u00e9ance d\u00e9couverte de 30 minutes d&#039;aquabiking en cabine priv\u00e9e - BeautyBike\" \/>\n<meta property=\"og:description\" content=\"L&#039;aquabike est parfait pour :    Les personnes\u00a0 qui souhaitent essayer ou reprendre\u00a0 une activit\u00e9 sportive.  Les personnes qui veulent s&#039;entretenir physiquement ou retrouver la forme.  Les seniors d\u00e9sireux de pratiquer une activit\u00e9 non traumatisante pour le corps.  Les sportifs qui recherchent une activit\u00e9 compl\u00e9mentaire ou souhaitant r\u00e9cup\u00e9rer apr\u00e8s une comp\u00e9tition sportive.  Les personnes \u00e0 la recherche d&#039;un moment de d\u00e9tente, un moment de bien-\u00eatre.  Les femmes enceintes sans contre-indications m\u00e9dicales  Les bienfaits de l\u2019aquabike\u00a0:   L\u2019aquabike est une activit\u00e9 \u00ab3 en 1\u00bb qui associe les bienfaits de l\u2019eau, du v\u00e9lo et de l\u2019hydromassage.  L\u2019hydromassage aide \u00e0 supprimer la peau d\u2019orange, r\u00e9duire la cellulite, stimuler les muscles.  L\u2019aquabike permet d&#039;allier le bien-\u00eatre et le c\u00f4t\u00e9 sportif.  Les b\u00e9n\u00e9fices de cette activit\u00e9 bien-\u00eatre sont nombreux : br\u00fbler des calories, affiner sa silhouette, travailler le corps dans sa totalit\u00e9, d\u00e9velopper l&#039;endurance et le souffle.  Cette activit\u00e9 non\u00a0 traumatisante pour les articulations, aide \u00e0 am\u00e9liorer \u00e9galement la circulation sanguine et ainsi retrouver des jambes l\u00e9g\u00e8res, et obtenir une peau plus lisse.  L&#039;aquabiking est utilis\u00e9 aussi par de nombreux sportifs pour la r\u00e9cup\u00e9ration physique ou la pr\u00e9paration physique.  3 vid\u00e9os de coaching d&#039;intensit\u00e9s diverses ( niveau d\u00e9butant \u00e0 confirm\u00e9) vont vous permettre de\u00a0 travailler\u00a0 jambes, fessiers mais aussi bras et dos !  Les avantages d&#039;une cabine individuelle:  -Vous r\u00e9alisez votre s\u00e9ance en toute intimit\u00e9  -Vous choisissez la temp\u00e9rature de l&#039;eau  -Vous choisissez la vid\u00e9o de coaching selon le degr\u00e9 de difficult\u00e9 que vous souhaitez r\u00e9aliser  -Vous choisissez l&#039;horaire de votre s\u00e9ance (toujours sur rv)  -Vous profitez des jets hydromassants qui viennent compl\u00e9ter les bienfaits de l&#039;eau en ciblant les cuisses, les mollets, le dos\u00a0 et le fessier.\" \/>\n<meta property=\"og:url\" content=\"https:\/\/beauty-bike.fr\/index.php\/produit\/aquabike10\/\" \/>\n<meta property=\"og:site_name\" content=\"BeautyBike\" \/>\n<meta property=\"article:modified_time\" content=\"2025-12-31T17:14:37+00:00\" \/>\n<meta property=\"og:image\" content=\"https:\/\/beauty-bike.fr\/wp-content\/uploads\/2023\/03\/IMG-1796-scaled.jpg\" \/>\n\t<meta property=\"og:image:width\" content=\"2560\" \/>\n\t<meta property=\"og:image:height\" content=\"1920\" \/>\n\t<meta property=\"og:image:type\" content=\"image\/jpeg\" \/>\n<meta name=\"twitter:card\" content=\"summary_large_image\" \/>\n<meta name=\"twitter:label1\" content=\"Est. reading time\" \/>\n\t<meta name=\"twitter:data1\" content=\"1 minute\" \/>\n<script type=\"application\/ld+json\" class=\"yoast-schema-graph\">{\"@context\":\"https:\\\/\\\/schema.org\",\"@graph\":[{\"@type\":\"WebPage\",\"@id\":\"https:\\\/\\\/beauty-bike.fr\\\/index.php\\\/produit\\\/aquabike10\\\/\",\"url\":\"https:\\\/\\\/beauty-bike.fr\\\/index.php\\\/produit\\\/aquabike10\\\/\",\"name\":\"1 s\u00e9ance d\u00e9couverte de 30 minutes d'aquabiking en cabine priv\u00e9e - BeautyBike\",\"isPartOf\":{\"@id\":\"https:\\\/\\\/beauty-bike.fr\\\/#website\"},\"primaryImageOfPage\":{\"@id\":\"https:\\\/\\\/beauty-bike.fr\\\/index.php\\\/produit\\\/aquabike10\\\/#primaryimage\"},\"image\":{\"@id\":\"https:\\\/\\\/beauty-bike.fr\\\/index.php\\\/produit\\\/aquabike10\\\/#primaryimage\"},\"thumbnailUrl\":\"https:\\\/\\\/beauty-bike.fr\\\/wp-content\\\/uploads\\\/2023\\\/03\\\/IMG-1796-scaled.jpg\",\"datePublished\":\"2023-04-06T07:41:19+00:00\",\"dateModified\":\"2025-12-31T17:14:37+00:00\",\"breadcrumb\":{\"@id\":\"https:\\\/\\\/beauty-bike.fr\\\/index.php\\\/produit\\\/aquabike10\\\/#breadcrumb\"},\"inLanguage\":\"en-US\",\"potentialAction\":[{\"@type\":\"ReadAction\",\"target\":[\"https:\\\/\\\/beauty-bike.fr\\\/index.php\\\/produit\\\/aquabike10\\\/\"]}]},{\"@type\":\"ImageObject\",\"inLanguage\":\"en-US\",\"@id\":\"https:\\\/\\\/beauty-bike.fr\\\/index.php\\\/produit\\\/aquabike10\\\/#primaryimage\",\"url\":\"https:\\\/\\\/beauty-bike.fr\\\/wp-content\\\/uploads\\\/2023\\\/03\\\/IMG-1796-scaled.jpg\",\"contentUrl\":\"https:\\\/\\\/beauty-bike.fr\\\/wp-content\\\/uploads\\\/2023\\\/03\\\/IMG-1796-scaled.jpg\",\"width\":2560,\"height\":1920},{\"@type\":\"BreadcrumbList\",\"@id\":\"https:\\\/\\\/beauty-bike.fr\\\/index.php\\\/produit\\\/aquabike10\\\/#breadcrumb\",\"itemListElement\":[{\"@type\":\"ListItem\",\"position\":1,\"name\":\"Boutique en ligne\",\"item\":\"https:\\\/\\\/beauty-bike.fr\\\/index.php\\\/boutique-en-ligne\\\/\"},{\"@type\":\"ListItem\",\"position\":2,\"name\":\"1 s\u00e9ance d\u00e9couverte de 30 minutes d&#8217;aquabiking en cabine priv\u00e9e\"}]},{\"@type\":\"WebSite\",\"@id\":\"https:\\\/\\\/beauty-bike.fr\\\/#website\",\"url\":\"https:\\\/\\\/beauty-bike.fr\\\/\",\"name\":\"BeautyBike\",\"description\":\"Votre centre d&#039;aquabike depuis 12 ans\",\"publisher\":{\"@id\":\"https:\\\/\\\/beauty-bike.fr\\\/#organization\"},\"potentialAction\":[{\"@type\":\"SearchAction\",\"target\":{\"@type\":\"EntryPoint\",\"urlTemplate\":\"https:\\\/\\\/beauty-bike.fr\\\/?s={search_term_string}\"},\"query-input\":{\"@type\":\"PropertyValueSpecification\",\"valueRequired\":true,\"valueName\":\"search_term_string\"}}],\"inLanguage\":\"en-US\"},{\"@type\":\"Organization\",\"@id\":\"https:\\\/\\\/beauty-bike.fr\\\/#organization\",\"name\":\"BeautyBike\",\"url\":\"https:\\\/\\\/beauty-bike.fr\\\/\",\"logo\":{\"@type\":\"ImageObject\",\"inLanguage\":\"en-US\",\"@id\":\"https:\\\/\\\/beauty-bike.fr\\\/#\\\/schema\\\/logo\\\/image\\\/\",\"url\":\"https:\\\/\\\/beauty-bike.fr\\\/wp-content\\\/uploads\\\/2023\\\/04\\\/cropped-Logo-BeautyBike-contour.png\",\"contentUrl\":\"https:\\\/\\\/beauty-bike.fr\\\/wp-content\\\/uploads\\\/2023\\\/04\\\/cropped-Logo-BeautyBike-contour.png\",\"width\":924,\"height\":231,\"caption\":\"BeautyBike\"},\"image\":{\"@id\":\"https:\\\/\\\/beauty-bike.fr\\\/#\\\/schema\\\/logo\\\/image\\\/\"}}]}<\/script>\n<!-- \/ Yoast SEO plugin. -->","yoast_head_json":{"title":"1 s\u00e9ance d\u00e9couverte de 30 minutes d'aquabiking en cabine priv\u00e9e - BeautyBike","robots":{"index":"index","follow":"follow","max-snippet":"max-snippet:-1","max-image-preview":"max-image-preview:large","max-video-preview":"max-video-preview:-1"},"canonical":"https:\/\/beauty-bike.fr\/index.php\/produit\/aquabike10\/","og_locale":"en_US","og_type":"article","og_title":"1 s\u00e9ance d\u00e9couverte de 30 minutes d'aquabiking en cabine priv\u00e9e - BeautyBike","og_description":"L'aquabike est parfait pour :    Les personnes\u00a0 qui souhaitent essayer ou reprendre\u00a0 une activit\u00e9 sportive.  Les personnes qui veulent s'entretenir physiquement ou retrouver la forme.  Les seniors d\u00e9sireux de pratiquer une activit\u00e9 non traumatisante pour le corps.  Les sportifs qui recherchent une activit\u00e9 compl\u00e9mentaire ou souhaitant r\u00e9cup\u00e9rer apr\u00e8s une comp\u00e9tition sportive.  Les personnes \u00e0 la recherche d'un moment de d\u00e9tente, un moment de bien-\u00eatre.  Les femmes enceintes sans contre-indications m\u00e9dicales  Les bienfaits de l\u2019aquabike\u00a0:   L\u2019aquabike est une activit\u00e9 \u00ab3 en 1\u00bb qui associe les bienfaits de l\u2019eau, du v\u00e9lo et de l\u2019hydromassage.  L\u2019hydromassage aide \u00e0 supprimer la peau d\u2019orange, r\u00e9duire la cellulite, stimuler les muscles.  L\u2019aquabike permet d'allier le bien-\u00eatre et le c\u00f4t\u00e9 sportif.  Les b\u00e9n\u00e9fices de cette activit\u00e9 bien-\u00eatre sont nombreux : br\u00fbler des calories, affiner sa silhouette, travailler le corps dans sa totalit\u00e9, d\u00e9velopper l'endurance et le souffle.  Cette activit\u00e9 non\u00a0 traumatisante pour les articulations, aide \u00e0 am\u00e9liorer \u00e9galement la circulation sanguine et ainsi retrouver des jambes l\u00e9g\u00e8res, et obtenir une peau plus lisse.  L'aquabiking est utilis\u00e9 aussi par de nombreux sportifs pour la r\u00e9cup\u00e9ration physique ou la pr\u00e9paration physique.  3 vid\u00e9os de coaching d'intensit\u00e9s diverses ( niveau d\u00e9butant \u00e0 confirm\u00e9) vont vous permettre de\u00a0 travailler\u00a0 jambes, fessiers mais aussi bras et dos !  Les avantages d'une cabine individuelle:  -Vous r\u00e9alisez votre s\u00e9ance en toute intimit\u00e9  -Vous choisissez la temp\u00e9rature de l'eau  -Vous choisissez la vid\u00e9o de coaching selon le degr\u00e9 de difficult\u00e9 que vous souhaitez r\u00e9aliser  -Vous choisissez l'horaire de votre s\u00e9ance (toujours sur rv)  -Vous profitez des jets hydromassants qui viennent compl\u00e9ter les bienfaits de l'eau en ciblant les cuisses, les mollets, le dos\u00a0 et le fessier.","og_url":"https:\/\/beauty-bike.fr\/index.php\/produit\/aquabike10\/","og_site_name":"BeautyBike","article_modified_time":"2025-12-31T17:14:37+00:00","og_image":[{"width":2560,"height":1920,"url":"https:\/\/beauty-bike.fr\/wp-content\/uploads\/2023\/03\/IMG-1796-scaled.jpg","type":"image\/jpeg"}],"twitter_card":"summary_large_image","twitter_misc":{"Est. reading time":"1 minute"},"schema":{"@context":"https:\/\/schema.org","@graph":[{"@type":"WebPage","@id":"https:\/\/beauty-bike.fr\/index.php\/produit\/aquabike10\/","url":"https:\/\/beauty-bike.fr\/index.php\/produit\/aquabike10\/","name":"1 s\u00e9ance d\u00e9couverte de 30 minutes d'aquabiking en cabine priv\u00e9e - BeautyBike","isPartOf":{"@id":"https:\/\/beauty-bike.fr\/#website"},"primaryImageOfPage":{"@id":"https:\/\/beauty-bike.fr\/index.php\/produit\/aquabike10\/#primaryimage"},"image":{"@id":"https:\/\/beauty-bike.fr\/index.php\/produit\/aquabike10\/#primaryimage"},"thumbnailUrl":"https:\/\/beauty-bike.fr\/wp-content\/uploads\/2023\/03\/IMG-1796-scaled.jpg","datePublished":"2023-04-06T07:41:19+00:00","dateModified":"2025-12-31T17:14:37+00:00","breadcrumb":{"@id":"https:\/\/beauty-bike.fr\/index.php\/produit\/aquabike10\/#breadcrumb"},"inLanguage":"en-US","potentialAction":[{"@type":"ReadAction","target":["https:\/\/beauty-bike.fr\/index.php\/produit\/aquabike10\/"]}]},{"@type":"ImageObject","inLanguage":"en-US","@id":"https:\/\/beauty-bike.fr\/index.php\/produit\/aquabike10\/#primaryimage","url":"https:\/\/beauty-bike.fr\/wp-content\/uploads\/2023\/03\/IMG-1796-scaled.jpg","contentUrl":"https:\/\/beauty-bike.fr\/wp-content\/uploads\/2023\/03\/IMG-1796-scaled.jpg","width":2560,"height":1920},{"@type":"BreadcrumbList","@id":"https:\/\/beauty-bike.fr\/index.php\/produit\/aquabike10\/#breadcrumb","itemListElement":[{"@type":"ListItem","position":1,"name":"Boutique en ligne","item":"https:\/\/beauty-bike.fr\/index.php\/boutique-en-ligne\/"},{"@type":"ListItem","position":2,"name":"1 s\u00e9ance d\u00e9couverte de 30 minutes d&#8217;aquabiking en cabine priv\u00e9e"}]},{"@type":"WebSite","@id":"https:\/\/beauty-bike.fr\/#website","url":"https:\/\/beauty-bike.fr\/","name":"BeautyBike","description":"Votre centre d&#039;aquabike depuis 12 ans","publisher":{"@id":"https:\/\/beauty-bike.fr\/#organization"},"potentialAction":[{"@type":"SearchAction","target":{"@type":"EntryPoint","urlTemplate":"https:\/\/beauty-bike.fr\/?s={search_term_string}"},"query-input":{"@type":"PropertyValueSpecification","valueRequired":true,"valueName":"search_term_string"}}],"inLanguage":"en-US"},{"@type":"Organization","@id":"https:\/\/beauty-bike.fr\/#organization","name":"BeautyBike","url":"https:\/\/beauty-bike.fr\/","logo":{"@type":"ImageObject","inLanguage":"en-US","@id":"https:\/\/beauty-bike.fr\/#\/schema\/logo\/image\/","url":"https:\/\/beauty-bike.fr\/wp-content\/uploads\/2023\/04\/cropped-Logo-BeautyBike-contour.png","contentUrl":"https:\/\/beauty-bike.fr\/wp-content\/uploads\/2023\/04\/cropped-Logo-BeautyBike-contour.png","width":924,"height":231,"caption":"BeautyBike"},"image":{"@id":"https:\/\/beauty-bike.fr\/#\/schema\/logo\/image\/"}}]}},"jetpack_sharing_enabled":true,"_links":{"self":[{"href":"https:\/\/beauty-bike.fr\/index.php\/wp-json\/wp\/v2\/product\/573","targetHints":{"allow":["GET"]}}],"collection":[{"href":"https:\/\/beauty-bike.fr\/index.php\/wp-json\/wp\/v2\/product"}],"about":[{"href":"https:\/\/beauty-bike.fr\/index.php\/wp-json\/wp\/v2\/types\/product"}],"replies":[{"embeddable":true,"href":"https:\/\/beauty-bike.fr\/index.php\/wp-json\/wp\/v2\/comments?post=573"}],"wp:featuredmedia":[{"embeddable":true,"href":"https:\/\/beauty-bike.fr\/index.php\/wp-json\/wp\/v2\/media\/381"}],"wp:attachment":[{"href":"https:\/\/beauty-bike.fr\/index.php\/wp-json\/wp\/v2\/media?parent=573"}],"wp:term":[{"taxonomy":"product_brand","embeddable":true,"href":"https:\/\/beauty-bike.fr\/index.php\/wp-json\/wp\/v2\/product_brand?post=573"},{"taxonomy":"product_cat","embeddable":true,"href":"https:\/\/beauty-bike.fr\/index.php\/wp-json\/wp\/v2\/product_cat?post=573"},{"taxonomy":"product_tag","embeddable":true,"href":"https:\/\/beauty-bike.fr\/index.php\/wp-json\/wp\/v2\/product_tag?post=573"}],"curies":[{"name":"wp","href":"https:\/\/api.w.org\/{rel}","templated":true}]}}