{"id":602,"date":"2023-04-18T09:26:56","date_gmt":"2023-04-18T07:26:56","guid":{"rendered":"https:\/\/beauty-bike.fr\/?page_id=602"},"modified":"2026-01-06T17:13:03","modified_gmt":"2026-01-06T16:13:03","slug":"reservation","status":"publish","type":"page","link":"https:\/\/beauty-bike.fr\/index.php\/reservation\/","title":{"rendered":"R\u00e9servation"},"content":{"rendered":"\r\n\r\n\r\n\r\n\r\n<p><span style=\"vertical-align: inherit;\"><span style=\"vertical-align: inherit;\"><span dir=\"auto\" style=\"vertical-align: inherit;\"><span dir=\"auto\" style=\"vertical-align: inherit;\">Pour tout.e d\u00e9tenteur.rice d&#8217;un forfait ou d&#8217;un abonnement, r\u00e9servez sur l&#8217;interface client ci-dessous :<\/span><\/span><\/span><\/span><\/p>\r\n\r\n\r\n\r\n\r\n\r\n<p class=\"is-content-justification-center is-layout-flex wp-container-core-buttons-is-layout-a89b3969 wp-block-buttons-is-layout-flex\"><a style=\"background-color: #ff7218;\" href=\"https:\/\/myrdv.espacerendezvous.com\/client\/index.html?domain=myrdv.espacerendezvous.com&amp;mb=myrdv&amp;pro=beautybikebesancon#&amp;originId=1470896&amp;activeTab=btn_login\"><span style=\"vertical-align: inherit;\"><span style=\"vertical-align: inherit;\"><span dir=\"auto\" style=\"vertical-align: inherit;\"><span dir=\"auto\" style=\"vertical-align: inherit;\">Je r\u00e9serve<\/span><\/span><\/span><\/span><\/a><\/p>\r\n\r\n\r\n\r\n<p><span style=\"vertical-align: inherit;\"><span style=\"vertical-align: inherit;\"><span dir=\"auto\" style=\"vertical-align: inherit;\"><span dir=\"auto\" style=\"vertical-align: inherit;\">.<\/span><\/span><\/span><\/span><\/p>\r\n\r\n\r\n\r\n<p><span style=\"vertical-align: inherit;\"><span style=\"vertical-align: inherit;\"><span dir=\"auto\" style=\"vertical-align: inherit;\"><span dir=\"auto\" style=\"vertical-align: inherit;\">Pas encore client.e ? R\u00e9servez une s\u00e9ance d\u00e9couverte aquabiking ou sauna ci-dessous :<\/span><\/span><\/span><\/span><\/p>\r\n\r\n\r\n\r\n\r\n\r\n<p><span dir=\"auto\" style=\"vertical-align: inherit;\"><span dir=\"auto\" style=\"vertical-align: inherit;\"><!--\nPlugin Name: Bookly \u2013 Responsive WordPress Appointment Booking and Scheduling Plugin\nPlugin URI: https:\/\/www.booking-wp-plugin.com\/?utm_source=bookly_admin&utm_medium=plugins_page&utm_campaign=plugins_page\nVersion: 24.9-->\n<style type=\"text\/css\">\n    :root {\n        --bookly-main-color: #316c7e !important;\n        --bookly-color: #316c7e !important;\n    }\n\n    <\/style><div class=\"bookly-css-root\">\n    <div id=\"bookly-form-69e2392b4ad88\" class=\"bookly-form\" data-form_id=\"69e2392b4ad88\" aria-live=\"polite\">\n        <div style=\"text-align: center\"><img decoding=\"async\" src=\"https:\/\/beauty-bike.fr\/wp-includes\/js\/tinymce\/skins\/lightgray\/img\/loader.gif\" alt=\"Loading...\"\/><\/div>\n    <\/div>\n<\/div>\n    <div class=\"powered-by-bookly\">Powered by        <a href=\"https:\/\/www.booking-wp-plugin.com\/?utm_source=referral&utm_medium=booking_widget\" target=\"_blank\">Bookly<\/a> \u2014\n        <a href=\"https:\/\/www.booking-wp-plugin.com\/?utm_source=referral&utm_medium=booking_widget\" target=\"_blank\">WordPress Booking Plugin<\/a>\n    <\/div>\n<script type=\"text\/javascript\">\n    (function (win, fn) {\n        var done = false, top = true,\n            doc = win.document,\n            root = doc.documentElement,\n            modern = doc.addEventListener,\n            add = modern ? 'addEventListener' : 'attachEvent',\n            rem = modern ? 'removeEventListener' : 'detachEvent',\n            pre = modern ? '' : 'on',\n            init = function (e) {\n                if (e.type == 'readystatechange') if (doc.readyState != 'complete') return;\n                (e.type == 'load' ? win : doc)[rem](pre + e.type, init, false);\n                if (!done) {\n                    done = true;\n                    fn.call(win, e.type || e);\n                }\n            },\n            poll = function () {\n                try {\n                    root.doScroll('left');\n                } catch (e) {\n                    setTimeout(poll, 50);\n                    return;\n                }\n                init('poll');\n            };\n        if (doc.readyState == 'complete') fn.call(win, 'lazy');\n        else {\n            if (!modern) if (root.doScroll) {\n                try {\n                    top = !win.frameElement;\n                } catch (e) {\n                }\n                if (top) poll();\n            }\n            doc[add](pre + 'DOMContentLoaded', init, false);\n            doc[add](pre + 'readystatechange', init, false);\n            win[add](pre + 'load', init, false);\n        }\n    })(window, function () {\n        window.bookly( {\"form_id\":\"69e2392b4ad88\",\"status\":{\"booking\":\"new\"},\"skip_steps\":{\"service_part1\":0,\"service_part2\":0,\"extras\":1,\"time\":0,\"repeat\":1,\"cart\":1},\"errors\":{\"session_error\":\"Session error.\",\"form_id_error\":\"Form ID error.\",\"cart_item_not_available\":\"Le cr\\u00e9neau horaire s\\u00e9lectionn\\u00e9 n'est plus disponible. Merci d'en choisir un autre.\",\"pay_locally_not_available\":\"Pay locally is not available.\",\"invalid_gateway\":\"Invalid gateway.\",\"payment_error\":\"Error.\",\"incorrect_username_password\":\"Incorrect username or password.\"},\"form_attributes\":{\"hide_categories\":false,\"hide_services\":false,\"hide_staff_members\":false,\"show_number_of_persons\":false,\"hide_service_duration\":true,\"hide_locations\":true,\"hide_quantity\":true,\"hide_date\":false,\"hide_week_days\":false,\"hide_time_range\":false},\"use_client_time_zone\":0,\"defaults\":{\"service_id\":2,\"staff_id\":1,\"location_id\":0,\"category_id\":1},\"datepicker_mode\":\"text-accent\"} );\n    });\n<\/script><\/span><\/span><\/p>\r\n\r\n\r\n\r\n<p>&nbsp;<\/p>\r\n\r\n\r\n\r\n<p>&nbsp;<\/p>\r\n\r\n\r\n\r\n<p>&nbsp;<\/p>\r\n\r\n\r\n\r\n<p>&nbsp;<\/p>\r\n\r\n\r\n\r\n<p>&nbsp;<\/p>\r\n\r\n\r\n\r\n<p>&nbsp;<\/p>\r\n\r\n\r\n\r\n<p>&nbsp;<\/p>\r\n","protected":false},"excerpt":{"rendered":"<p>Pour tout.e d\u00e9tenteur.rice d&#8217;un forfait ou d&#8217;un abonnement, r\u00e9servez sur l&#8217;interface client ci-dessous : . Pas encore client.e ? R\u00e9servez une s\u00e9ance d\u00e9couverte aquabiking ou sauna ci-dessous : &nbsp; &nbsp; &nbsp; &nbsp; &nbsp; &nbsp; &nbsp;<\/p>\n","protected":false},"author":1,"featured_media":0,"parent":0,"menu_order":0,"comment_status":"closed","ping_status":"closed","template":"","meta":{"footnotes":""},"class_list":["post-602","page","type-page","status-publish","hentry"],"yoast_head":"<!-- This site is optimized with the Yoast SEO plugin v27.4 - https:\/\/yoast.com\/product\/yoast-seo-wordpress\/ -->\n<title>R\u00e9servation - BeautyBike<\/title>\n<meta name=\"robots\" content=\"index, follow, max-snippet:-1, max-image-preview:large, max-video-preview:-1\" \/>\n<link rel=\"canonical\" href=\"https:\/\/beauty-bike.fr\/index.php\/reservation\/\" \/>\n<meta property=\"og:locale\" content=\"en_US\" \/>\n<meta property=\"og:type\" content=\"article\" \/>\n<meta property=\"og:title\" content=\"R\u00e9servation - BeautyBike\" \/>\n<meta property=\"og:description\" content=\"Pour tout.e d\u00e9tenteur.rice d&#8217;un forfait ou d&#8217;un abonnement, r\u00e9servez sur l&#8217;interface client ci-dessous : . Pas encore client.e ? R\u00e9servez une s\u00e9ance d\u00e9couverte aquabiking ou sauna ci-dessous : &nbsp; &nbsp; &nbsp; &nbsp; &nbsp; &nbsp; &nbsp;\" \/>\n<meta property=\"og:url\" content=\"https:\/\/beauty-bike.fr\/index.php\/reservation\/\" \/>\n<meta property=\"og:site_name\" content=\"BeautyBike\" \/>\n<meta property=\"article:modified_time\" content=\"2026-01-06T16:13:03+00:00\" \/>\n<meta name=\"twitter:card\" content=\"summary_large_image\" \/>\n<meta name=\"twitter:label1\" content=\"Est. reading time\" \/>\n\t<meta name=\"twitter:data1\" content=\"1 minute\" \/>\n<script type=\"application\/ld+json\" class=\"yoast-schema-graph\">{\"@context\":\"https:\\\/\\\/schema.org\",\"@graph\":[{\"@type\":\"WebPage\",\"@id\":\"https:\\\/\\\/beauty-bike.fr\\\/index.php\\\/reservation\\\/\",\"url\":\"https:\\\/\\\/beauty-bike.fr\\\/index.php\\\/reservation\\\/\",\"name\":\"R\u00e9servation - BeautyBike\",\"isPartOf\":{\"@id\":\"https:\\\/\\\/beauty-bike.fr\\\/#website\"},\"datePublished\":\"2023-04-18T07:26:56+00:00\",\"dateModified\":\"2026-01-06T16:13:03+00:00\",\"inLanguage\":\"en-US\",\"potentialAction\":[{\"@type\":\"ReadAction\",\"target\":[\"https:\\\/\\\/beauty-bike.fr\\\/index.php\\\/reservation\\\/\"]}]},{\"@type\":\"WebSite\",\"@id\":\"https:\\\/\\\/beauty-bike.fr\\\/#website\",\"url\":\"https:\\\/\\\/beauty-bike.fr\\\/\",\"name\":\"BeautyBike\",\"description\":\"Votre centre d&#039;aquabike depuis 12 ans\",\"publisher\":{\"@id\":\"https:\\\/\\\/beauty-bike.fr\\\/#organization\"},\"potentialAction\":[{\"@type\":\"SearchAction\",\"target\":{\"@type\":\"EntryPoint\",\"urlTemplate\":\"https:\\\/\\\/beauty-bike.fr\\\/?s={search_term_string}\"},\"query-input\":{\"@type\":\"PropertyValueSpecification\",\"valueRequired\":true,\"valueName\":\"search_term_string\"}}],\"inLanguage\":\"en-US\"},{\"@type\":\"Organization\",\"@id\":\"https:\\\/\\\/beauty-bike.fr\\\/#organization\",\"name\":\"BeautyBike\",\"url\":\"https:\\\/\\\/beauty-bike.fr\\\/\",\"logo\":{\"@type\":\"ImageObject\",\"inLanguage\":\"en-US\",\"@id\":\"https:\\\/\\\/beauty-bike.fr\\\/#\\\/schema\\\/logo\\\/image\\\/\",\"url\":\"https:\\\/\\\/beauty-bike.fr\\\/wp-content\\\/uploads\\\/2023\\\/04\\\/cropped-Logo-BeautyBike-contour.png\",\"contentUrl\":\"https:\\\/\\\/beauty-bike.fr\\\/wp-content\\\/uploads\\\/2023\\\/04\\\/cropped-Logo-BeautyBike-contour.png\",\"width\":924,\"height\":231,\"caption\":\"BeautyBike\"},\"image\":{\"@id\":\"https:\\\/\\\/beauty-bike.fr\\\/#\\\/schema\\\/logo\\\/image\\\/\"}}]}<\/script>\n<!-- \/ Yoast SEO plugin. -->","yoast_head_json":{"title":"R\u00e9servation - BeautyBike","robots":{"index":"index","follow":"follow","max-snippet":"max-snippet:-1","max-image-preview":"max-image-preview:large","max-video-preview":"max-video-preview:-1"},"canonical":"https:\/\/beauty-bike.fr\/index.php\/reservation\/","og_locale":"en_US","og_type":"article","og_title":"R\u00e9servation - BeautyBike","og_description":"Pour tout.e d\u00e9tenteur.rice d&#8217;un forfait ou d&#8217;un abonnement, r\u00e9servez sur l&#8217;interface client ci-dessous : . Pas encore client.e ? R\u00e9servez une s\u00e9ance d\u00e9couverte aquabiking ou sauna ci-dessous : &nbsp; &nbsp; &nbsp; &nbsp; &nbsp; &nbsp; &nbsp;","og_url":"https:\/\/beauty-bike.fr\/index.php\/reservation\/","og_site_name":"BeautyBike","article_modified_time":"2026-01-06T16:13:03+00:00","twitter_card":"summary_large_image","twitter_misc":{"Est. reading time":"1 minute"},"schema":{"@context":"https:\/\/schema.org","@graph":[{"@type":"WebPage","@id":"https:\/\/beauty-bike.fr\/index.php\/reservation\/","url":"https:\/\/beauty-bike.fr\/index.php\/reservation\/","name":"R\u00e9servation - BeautyBike","isPartOf":{"@id":"https:\/\/beauty-bike.fr\/#website"},"datePublished":"2023-04-18T07:26:56+00:00","dateModified":"2026-01-06T16:13:03+00:00","inLanguage":"en-US","potentialAction":[{"@type":"ReadAction","target":["https:\/\/beauty-bike.fr\/index.php\/reservation\/"]}]},{"@type":"WebSite","@id":"https:\/\/beauty-bike.fr\/#website","url":"https:\/\/beauty-bike.fr\/","name":"BeautyBike","description":"Votre centre d&#039;aquabike depuis 12 ans","publisher":{"@id":"https:\/\/beauty-bike.fr\/#organization"},"potentialAction":[{"@type":"SearchAction","target":{"@type":"EntryPoint","urlTemplate":"https:\/\/beauty-bike.fr\/?s={search_term_string}"},"query-input":{"@type":"PropertyValueSpecification","valueRequired":true,"valueName":"search_term_string"}}],"inLanguage":"en-US"},{"@type":"Organization","@id":"https:\/\/beauty-bike.fr\/#organization","name":"BeautyBike","url":"https:\/\/beauty-bike.fr\/","logo":{"@type":"ImageObject","inLanguage":"en-US","@id":"https:\/\/beauty-bike.fr\/#\/schema\/logo\/image\/","url":"https:\/\/beauty-bike.fr\/wp-content\/uploads\/2023\/04\/cropped-Logo-BeautyBike-contour.png","contentUrl":"https:\/\/beauty-bike.fr\/wp-content\/uploads\/2023\/04\/cropped-Logo-BeautyBike-contour.png","width":924,"height":231,"caption":"BeautyBike"},"image":{"@id":"https:\/\/beauty-bike.fr\/#\/schema\/logo\/image\/"}}]}},"jetpack_sharing_enabled":true,"_links":{"self":[{"href":"https:\/\/beauty-bike.fr\/index.php\/wp-json\/wp\/v2\/pages\/602","targetHints":{"allow":["GET"]}}],"collection":[{"href":"https:\/\/beauty-bike.fr\/index.php\/wp-json\/wp\/v2\/pages"}],"about":[{"href":"https:\/\/beauty-bike.fr\/index.php\/wp-json\/wp\/v2\/types\/page"}],"author":[{"embeddable":true,"href":"https:\/\/beauty-bike.fr\/index.php\/wp-json\/wp\/v2\/users\/1"}],"replies":[{"embeddable":true,"href":"https:\/\/beauty-bike.fr\/index.php\/wp-json\/wp\/v2\/comments?post=602"}],"version-history":[{"count":36,"href":"https:\/\/beauty-bike.fr\/index.php\/wp-json\/wp\/v2\/pages\/602\/revisions"}],"predecessor-version":[{"id":1038,"href":"https:\/\/beauty-bike.fr\/index.php\/wp-json\/wp\/v2\/pages\/602\/revisions\/1038"}],"wp:attachment":[{"href":"https:\/\/beauty-bike.fr\/index.php\/wp-json\/wp\/v2\/media?parent=602"}],"curies":[{"name":"wp","href":"https:\/\/api.w.org\/{rel}","templated":true}]}}