{"id":590,"date":"2023-04-11T11:34:45","date_gmt":"2023-04-11T09:34:45","guid":{"rendered":"https:\/\/beauty-bike.fr\/?page_id=590"},"modified":"2023-05-02T11:46:19","modified_gmt":"2023-05-02T09:46:19","slug":"bons-cadeaux","status":"publish","type":"page","link":"https:\/\/beauty-bike.fr\/index.php\/bons-cadeaux\/","title":{"rendered":"Bons cadeaux"},"content":{"rendered":"\n<div class=\"wp-block-columns is-layout-flex wp-container-core-columns-is-layout-28f84493 wp-block-columns-is-layout-flex\">\n<div class=\"wp-block-column is-layout-flow wp-block-column-is-layout-flow\">\n<div class=\"wp-block-eds-animate-it-block eds-animate-block-save\"><div class=\"eds-animate animated edsanimate-sis-hidden  \" data-eds-entry-animation=\"fadeIn\" data-eds-entry-delay=\"0\" data-eds-entry-duration=\"1.5\" data-eds-entry-timing=\"linear\" data-eds-exit-animation=\"\" data-eds-exit-delay=\"0\" data-eds-exit-duration=\"0.5\" data-eds-exit-timing=\"linear\" data-eds-repeat-count=\"1\" data-eds-keep=\"yes\" data-eds-animate-on=\"load\" data-eds-scroll-offset=\"\">\n<figure class=\"wp-block-image size-large\"><img loading=\"lazy\" decoding=\"async\" width=\"726\" height=\"1024\" src=\"https:\/\/beauty-bike.fr\/wp-content\/uploads\/2023\/04\/BON-Cadeau-726x1024.png\" alt=\"\" class=\"wp-image-591\" srcset=\"https:\/\/beauty-bike.fr\/wp-content\/uploads\/2023\/04\/BON-Cadeau-726x1024.png 726w, https:\/\/beauty-bike.fr\/wp-content\/uploads\/2023\/04\/BON-Cadeau-600x846.png 600w, https:\/\/beauty-bike.fr\/wp-content\/uploads\/2023\/04\/BON-Cadeau-213x300.png 213w, https:\/\/beauty-bike.fr\/wp-content\/uploads\/2023\/04\/BON-Cadeau-768x1083.png 768w, https:\/\/beauty-bike.fr\/wp-content\/uploads\/2023\/04\/BON-Cadeau-1090x1536.png 1090w, https:\/\/beauty-bike.fr\/wp-content\/uploads\/2023\/04\/BON-Cadeau.png 1240w\" sizes=\"auto, (max-width: 726px) 100vw, 726px\" \/><\/figure>\n<\/div><\/div>\n<\/div>\n\n\n\n<div class=\"wp-block-column is-layout-flow wp-block-column-is-layout-flow\">\n<p><\/p>\n\n\n\n<p>Offrez du bien-\u00eatre \u00e0 vos proches !<\/p>\n\n\n\n<p>Vous cherchez un cadeau original ?<\/p>\n\n\n\n<p>Arr\u00eatez tout, on a ce qu&#8217;il vous faut ! Une s\u00e9ance d&#8217;aquabike ou de sauna. Faites votre choix, r\u00e9cup\u00e9rez le bon en boutique et faites plaisir \u00e0 un proche !<\/p>\n\n\n\n<p>Possibilit\u00e9 de r\u00e9aliser un envoi postal (2.50\u20ac de frais)<\/p>\n\n\n\n<p>Bon valable un an.<\/p>\n<\/div>\n<\/div>\n\n\n\n<iframe loading=\"lazy\" src=\"https:\/\/docs.google.com\/forms\/d\/e\/1FAIpQLSen3QepX_xRUB8xe2r10XnxQ4HN33Z5BhmmuF3DEbn3eBZMcg\/viewform?embedded=true\" width=\"1200\" height=\"600\" frameborder=\"0\" marginheight=\"0\" marginwidth=\"0\">Chargement\u2026<\/iframe>\n","protected":false},"excerpt":{"rendered":"<p>Offrez du bien-\u00eatre \u00e0 vos proches ! Vous cherchez un cadeau original ? Arr\u00eatez tout, on a ce qu&#8217;il vous faut ! Une s\u00e9ance d&#8217;aquabike ou de sauna. Faites votre choix, r\u00e9cup\u00e9rez le bon en boutique et faites plaisir \u00e0 un proche ! Possibilit\u00e9 de r\u00e9aliser un envoi postal (2.50\u20ac de frais) Bon valable un &hellip; <\/p>\n<p class=\"link-more\"><a href=\"https:\/\/beauty-bike.fr\/index.php\/bons-cadeaux\/\" class=\"more-link\">Read more<span class=\"screen-reader-text\"> &#8220;Bons cadeaux&#8221;<\/span><\/a><\/p>\n","protected":false},"author":1,"featured_media":0,"parent":0,"menu_order":0,"comment_status":"closed","ping_status":"closed","template":"","meta":{"footnotes":""},"class_list":["post-590","page","type-page","status-publish","hentry"],"yoast_head":"<!-- This site is optimized with the Yoast SEO plugin v27.5 - https:\/\/yoast.com\/product\/yoast-seo-wordpress\/ -->\n<title>Bons cadeaux - BeautyBike<\/title>\n<meta name=\"robots\" content=\"index, follow, max-snippet:-1, max-image-preview:large, max-video-preview:-1\" \/>\n<link rel=\"canonical\" href=\"https:\/\/beauty-bike.fr\/index.php\/bons-cadeaux\/\" \/>\n<meta property=\"og:locale\" content=\"en_US\" \/>\n<meta property=\"og:type\" content=\"article\" \/>\n<meta property=\"og:title\" content=\"Bons cadeaux - BeautyBike\" \/>\n<meta property=\"og:description\" content=\"Offrez du bien-\u00eatre \u00e0 vos proches ! Vous cherchez un cadeau original ? Arr\u00eatez tout, on a ce qu&#8217;il vous faut ! Une s\u00e9ance d&#8217;aquabike ou de sauna. Faites votre choix, r\u00e9cup\u00e9rez le bon en boutique et faites plaisir \u00e0 un proche ! Possibilit\u00e9 de r\u00e9aliser un envoi postal (2.50\u20ac de frais) Bon valable un &hellip; Read more &quot;Bons cadeaux&quot;\" \/>\n<meta property=\"og:url\" content=\"https:\/\/beauty-bike.fr\/index.php\/bons-cadeaux\/\" \/>\n<meta property=\"og:site_name\" content=\"BeautyBike\" \/>\n<meta property=\"article:modified_time\" content=\"2023-05-02T09:46:19+00:00\" \/>\n<meta property=\"og:image\" content=\"https:\/\/beauty-bike.fr\/wp-content\/uploads\/2023\/04\/BON-Cadeau-726x1024.png\" \/>\n<meta name=\"twitter:card\" content=\"summary_large_image\" \/>\n<meta name=\"twitter:label1\" content=\"Est. reading time\" \/>\n\t<meta name=\"twitter:data1\" content=\"1 minute\" \/>\n<script type=\"application\/ld+json\" class=\"yoast-schema-graph\">{\"@context\":\"https:\\\/\\\/schema.org\",\"@graph\":[{\"@type\":\"WebPage\",\"@id\":\"https:\\\/\\\/beauty-bike.fr\\\/index.php\\\/bons-cadeaux\\\/\",\"url\":\"https:\\\/\\\/beauty-bike.fr\\\/index.php\\\/bons-cadeaux\\\/\",\"name\":\"Bons cadeaux - BeautyBike\",\"isPartOf\":{\"@id\":\"https:\\\/\\\/beauty-bike.fr\\\/#website\"},\"primaryImageOfPage\":{\"@id\":\"https:\\\/\\\/beauty-bike.fr\\\/index.php\\\/bons-cadeaux\\\/#primaryimage\"},\"image\":{\"@id\":\"https:\\\/\\\/beauty-bike.fr\\\/index.php\\\/bons-cadeaux\\\/#primaryimage\"},\"thumbnailUrl\":\"https:\\\/\\\/beauty-bike.fr\\\/wp-content\\\/uploads\\\/2023\\\/04\\\/BON-Cadeau-726x1024.png\",\"datePublished\":\"2023-04-11T09:34:45+00:00\",\"dateModified\":\"2023-05-02T09:46:19+00:00\",\"inLanguage\":\"en-US\",\"potentialAction\":[{\"@type\":\"ReadAction\",\"target\":[\"https:\\\/\\\/beauty-bike.fr\\\/index.php\\\/bons-cadeaux\\\/\"]}]},{\"@type\":\"ImageObject\",\"inLanguage\":\"en-US\",\"@id\":\"https:\\\/\\\/beauty-bike.fr\\\/index.php\\\/bons-cadeaux\\\/#primaryimage\",\"url\":\"https:\\\/\\\/beauty-bike.fr\\\/wp-content\\\/uploads\\\/2023\\\/04\\\/BON-Cadeau.png\",\"contentUrl\":\"https:\\\/\\\/beauty-bike.fr\\\/wp-content\\\/uploads\\\/2023\\\/04\\\/BON-Cadeau.png\",\"width\":1240,\"height\":1748},{\"@type\":\"WebSite\",\"@id\":\"https:\\\/\\\/beauty-bike.fr\\\/#website\",\"url\":\"https:\\\/\\\/beauty-bike.fr\\\/\",\"name\":\"BeautyBike\",\"description\":\"Votre centre d&#039;aquabike depuis 12 ans\",\"publisher\":{\"@id\":\"https:\\\/\\\/beauty-bike.fr\\\/#organization\"},\"potentialAction\":[{\"@type\":\"SearchAction\",\"target\":{\"@type\":\"EntryPoint\",\"urlTemplate\":\"https:\\\/\\\/beauty-bike.fr\\\/?s={search_term_string}\"},\"query-input\":{\"@type\":\"PropertyValueSpecification\",\"valueRequired\":true,\"valueName\":\"search_term_string\"}}],\"inLanguage\":\"en-US\"},{\"@type\":\"Organization\",\"@id\":\"https:\\\/\\\/beauty-bike.fr\\\/#organization\",\"name\":\"BeautyBike\",\"url\":\"https:\\\/\\\/beauty-bike.fr\\\/\",\"logo\":{\"@type\":\"ImageObject\",\"inLanguage\":\"en-US\",\"@id\":\"https:\\\/\\\/beauty-bike.fr\\\/#\\\/schema\\\/logo\\\/image\\\/\",\"url\":\"https:\\\/\\\/beauty-bike.fr\\\/wp-content\\\/uploads\\\/2023\\\/04\\\/cropped-Logo-BeautyBike-contour.png\",\"contentUrl\":\"https:\\\/\\\/beauty-bike.fr\\\/wp-content\\\/uploads\\\/2023\\\/04\\\/cropped-Logo-BeautyBike-contour.png\",\"width\":924,\"height\":231,\"caption\":\"BeautyBike\"},\"image\":{\"@id\":\"https:\\\/\\\/beauty-bike.fr\\\/#\\\/schema\\\/logo\\\/image\\\/\"}}]}<\/script>\n<!-- \/ Yoast SEO plugin. -->","yoast_head_json":{"title":"Bons cadeaux - BeautyBike","robots":{"index":"index","follow":"follow","max-snippet":"max-snippet:-1","max-image-preview":"max-image-preview:large","max-video-preview":"max-video-preview:-1"},"canonical":"https:\/\/beauty-bike.fr\/index.php\/bons-cadeaux\/","og_locale":"en_US","og_type":"article","og_title":"Bons cadeaux - BeautyBike","og_description":"Offrez du bien-\u00eatre \u00e0 vos proches ! Vous cherchez un cadeau original ? Arr\u00eatez tout, on a ce qu&#8217;il vous faut ! Une s\u00e9ance d&#8217;aquabike ou de sauna. Faites votre choix, r\u00e9cup\u00e9rez le bon en boutique et faites plaisir \u00e0 un proche ! Possibilit\u00e9 de r\u00e9aliser un envoi postal (2.50\u20ac de frais) Bon valable un &hellip; Read more \"Bons cadeaux\"","og_url":"https:\/\/beauty-bike.fr\/index.php\/bons-cadeaux\/","og_site_name":"BeautyBike","article_modified_time":"2023-05-02T09:46:19+00:00","og_image":[{"url":"https:\/\/beauty-bike.fr\/wp-content\/uploads\/2023\/04\/BON-Cadeau-726x1024.png","type":"","width":"","height":""}],"twitter_card":"summary_large_image","twitter_misc":{"Est. reading time":"1 minute"},"schema":{"@context":"https:\/\/schema.org","@graph":[{"@type":"WebPage","@id":"https:\/\/beauty-bike.fr\/index.php\/bons-cadeaux\/","url":"https:\/\/beauty-bike.fr\/index.php\/bons-cadeaux\/","name":"Bons cadeaux - BeautyBike","isPartOf":{"@id":"https:\/\/beauty-bike.fr\/#website"},"primaryImageOfPage":{"@id":"https:\/\/beauty-bike.fr\/index.php\/bons-cadeaux\/#primaryimage"},"image":{"@id":"https:\/\/beauty-bike.fr\/index.php\/bons-cadeaux\/#primaryimage"},"thumbnailUrl":"https:\/\/beauty-bike.fr\/wp-content\/uploads\/2023\/04\/BON-Cadeau-726x1024.png","datePublished":"2023-04-11T09:34:45+00:00","dateModified":"2023-05-02T09:46:19+00:00","inLanguage":"en-US","potentialAction":[{"@type":"ReadAction","target":["https:\/\/beauty-bike.fr\/index.php\/bons-cadeaux\/"]}]},{"@type":"ImageObject","inLanguage":"en-US","@id":"https:\/\/beauty-bike.fr\/index.php\/bons-cadeaux\/#primaryimage","url":"https:\/\/beauty-bike.fr\/wp-content\/uploads\/2023\/04\/BON-Cadeau.png","contentUrl":"https:\/\/beauty-bike.fr\/wp-content\/uploads\/2023\/04\/BON-Cadeau.png","width":1240,"height":1748},{"@type":"WebSite","@id":"https:\/\/beauty-bike.fr\/#website","url":"https:\/\/beauty-bike.fr\/","name":"BeautyBike","description":"Votre centre d&#039;aquabike depuis 12 ans","publisher":{"@id":"https:\/\/beauty-bike.fr\/#organization"},"potentialAction":[{"@type":"SearchAction","target":{"@type":"EntryPoint","urlTemplate":"https:\/\/beauty-bike.fr\/?s={search_term_string}"},"query-input":{"@type":"PropertyValueSpecification","valueRequired":true,"valueName":"search_term_string"}}],"inLanguage":"en-US"},{"@type":"Organization","@id":"https:\/\/beauty-bike.fr\/#organization","name":"BeautyBike","url":"https:\/\/beauty-bike.fr\/","logo":{"@type":"ImageObject","inLanguage":"en-US","@id":"https:\/\/beauty-bike.fr\/#\/schema\/logo\/image\/","url":"https:\/\/beauty-bike.fr\/wp-content\/uploads\/2023\/04\/cropped-Logo-BeautyBike-contour.png","contentUrl":"https:\/\/beauty-bike.fr\/wp-content\/uploads\/2023\/04\/cropped-Logo-BeautyBike-contour.png","width":924,"height":231,"caption":"BeautyBike"},"image":{"@id":"https:\/\/beauty-bike.fr\/#\/schema\/logo\/image\/"}}]}},"jetpack_sharing_enabled":true,"_links":{"self":[{"href":"https:\/\/beauty-bike.fr\/index.php\/wp-json\/wp\/v2\/pages\/590","targetHints":{"allow":["GET"]}}],"collection":[{"href":"https:\/\/beauty-bike.fr\/index.php\/wp-json\/wp\/v2\/pages"}],"about":[{"href":"https:\/\/beauty-bike.fr\/index.php\/wp-json\/wp\/v2\/types\/page"}],"author":[{"embeddable":true,"href":"https:\/\/beauty-bike.fr\/index.php\/wp-json\/wp\/v2\/users\/1"}],"replies":[{"embeddable":true,"href":"https:\/\/beauty-bike.fr\/index.php\/wp-json\/wp\/v2\/comments?post=590"}],"version-history":[{"count":9,"href":"https:\/\/beauty-bike.fr\/index.php\/wp-json\/wp\/v2\/pages\/590\/revisions"}],"predecessor-version":[{"id":624,"href":"https:\/\/beauty-bike.fr\/index.php\/wp-json\/wp\/v2\/pages\/590\/revisions\/624"}],"wp:attachment":[{"href":"https:\/\/beauty-bike.fr\/index.php\/wp-json\/wp\/v2\/media?parent=590"}],"curies":[{"name":"wp","href":"https:\/\/api.w.org\/{rel}","templated":true}]}}