{"id":215,"date":"2023-03-24T11:01:38","date_gmt":"2023-03-24T10:01:38","guid":{"rendered":"https:\/\/beauty-bike.fr\/?page_id=215"},"modified":"2023-06-02T17:58:05","modified_gmt":"2023-06-02T15:58:05","slug":"sauna-infrarouge","status":"publish","type":"page","link":"https:\/\/beauty-bike.fr\/index.php\/sauna-infrarouge\/","title":{"rendered":"Sauna infrarouge"},"content":{"rendered":"\n<div class=\"wp-block-eds-animate-it-block eds-animate-block-save\"><div class=\"eds-animate animated edsanimate-sis-hidden  \" data-eds-entry-animation=\"fadeIn\" data-eds-entry-delay=\"0\" data-eds-entry-duration=\"1\" data-eds-entry-timing=\"linear\" data-eds-exit-animation=\"\" data-eds-exit-delay=\"0\" data-eds-exit-duration=\"0.5\" data-eds-exit-timing=\"linear\" data-eds-repeat-count=\"1\" data-eds-keep=\"yes\" data-eds-animate-on=\"scroll\" data-eds-scroll-offset=\"50\">\n<h2 class=\"wp-block-heading has-text-color has-large-font-size\" style=\"color:#316c7e\"><strong>Le sauna infrarouge, qu&#8217;est-ce que c&#8217;est ?<\/strong><\/h2>\n<\/div><\/div>\n\n\n\n<div class=\"wp-block-eds-animate-it-block eds-animate-block-save\"><div class=\"eds-animate animated edsanimate-sis-hidden  \" data-eds-entry-animation=\"fadeIn\" data-eds-entry-delay=\"0.5\" data-eds-entry-duration=\"1\" data-eds-entry-timing=\"linear\" data-eds-exit-animation=\"\" data-eds-exit-delay=\"0\" data-eds-exit-duration=\"0.5\" data-eds-exit-timing=\"linear\" data-eds-repeat-count=\"1\" data-eds-keep=\"yes\" data-eds-animate-on=\"scroll\" data-eds-scroll-offset=\"50\">\n<p>Le sauna infrarouge est une pratique de plus en plus populaire pour ses nombreux bienfaits pour la sant\u00e9 et son c\u00f4t\u00e9 relaxant. Il est une alternative moderne et innovante au sauna traditionnel. <\/p>\n\n\n\n<p>La chaleur s\u00e8che permet de transpirer plus vite : une s\u00e9ance de 30 minutes suffit pour d\u00e9toxifier le corps \u00e0 moindre effort.<\/p>\n\n\n\n<p>Le sauna permet de vous d\u00e9tendre, d&#8217;\u00e9vacuer vos tensions du quotidien, d&#8217;\u00e9liminer les toxines, de purifier votre peau.<\/p>\n\n\n\n<p>Il est \u00e9galement efficace pour soulager les douleurs musculaires et articulaires.<\/p>\n\n\n\n<p>Pour profiter pleinement des bienfaits du sauna, il est recommand\u00e9 de r\u00e9aliser des s\u00e9ances r\u00e9guli\u00e8res. Et si vous souhaitez combiner le sauna avec l&#8217;aquabike pour atteindre vos objectifs de remise en forme, <a href=\"https:\/\/beauty-bike.fr\/\">Edwige et Cindy<\/a>, des passionn\u00e9es de sport, sont l\u00e0 pour vous accompagner. Elles pourront vous conseiller et vous guider pour r\u00e9pondre au mieux \u00e0 vos besoins et attentes.<\/p>\n\n\n\n<p>En somme, le sauna est une m\u00e9thode efficace et agr\u00e9able pour prendre soin de vous et am\u00e9liorer votre sant\u00e9. Alors pourquoi ne pas<a href=\"https:\/\/beauty-bike.fr\/index.php\/contact-2\/\"> r\u00e9server<\/a> une s\u00e9ance d\u00e8s maintenant pour profiter de ses nombreux bienfaits ?<\/p>\n\n\n\n<p>Sachez que vous pouvez r\u00e9aliser votre s\u00e9ance seul(e) ou accompagn\u00e9(e). (Chaque utilisateur doit r\u00e9gler sa s\u00e9ance).<\/p>\n<\/div><\/div>\n\n\n\n<div style=\"height:72px\" aria-hidden=\"true\" class=\"wp-block-spacer\"><\/div>\n\n\n\n<div class=\"wp-block-columns is-layout-flex wp-container-core-columns-is-layout-28f84493 wp-block-columns-is-layout-flex\">\n<div class=\"wp-block-column is-layout-flow wp-block-column-is-layout-flow\">\n<div class=\"wp-block-eds-animate-it-block eds-animate-block-save\"><div class=\"eds-animate animated edsanimate-sis-hidden  \" data-eds-entry-animation=\"fadeIn\" data-eds-entry-delay=\"0\" data-eds-entry-duration=\"1\" data-eds-entry-timing=\"linear\" data-eds-exit-animation=\"\" data-eds-exit-delay=\"0\" data-eds-exit-duration=\"0.5\" data-eds-exit-timing=\"linear\" data-eds-repeat-count=\"1\" data-eds-keep=\"yes\" data-eds-animate-on=\"scroll\" data-eds-scroll-offset=\"10\">\n<figure class=\"wp-block-image size-large\"><img loading=\"lazy\" decoding=\"async\" width=\"768\" height=\"1024\" src=\"https:\/\/beauty-bike.fr\/wp-content\/uploads\/2023\/03\/image00010-768x1024.jpeg\" alt=\"\" class=\"wp-image-340\" srcset=\"https:\/\/beauty-bike.fr\/wp-content\/uploads\/2023\/03\/image00010-768x1024.jpeg 768w, https:\/\/beauty-bike.fr\/wp-content\/uploads\/2023\/03\/image00010-scaled-600x800.jpeg 600w, https:\/\/beauty-bike.fr\/wp-content\/uploads\/2023\/03\/image00010-225x300.jpeg 225w, https:\/\/beauty-bike.fr\/wp-content\/uploads\/2023\/03\/image00010-1152x1536.jpeg 1152w, https:\/\/beauty-bike.fr\/wp-content\/uploads\/2023\/03\/image00010-1536x2048.jpeg 1536w, https:\/\/beauty-bike.fr\/wp-content\/uploads\/2023\/03\/image00010-2000x2667.jpeg 2000w, https:\/\/beauty-bike.fr\/wp-content\/uploads\/2023\/03\/image00010-scaled-1200x1600.jpeg 1200w, https:\/\/beauty-bike.fr\/wp-content\/uploads\/2023\/03\/image00010-scaled.jpeg 1920w\" sizes=\"auto, (max-width: 768px) 100vw, 768px\" \/><\/figure>\n<\/div><\/div>\n<\/div>\n\n\n\n<div class=\"wp-block-column is-layout-flow wp-block-column-is-layout-flow\">\n<div class=\"wp-block-eds-animate-it-block eds-animate-block-save\"><div class=\"eds-animate animated edsanimate-sis-hidden  \" data-eds-entry-animation=\"fadeIn\" data-eds-entry-delay=\"0.5\" data-eds-entry-duration=\"1\" data-eds-entry-timing=\"linear\" data-eds-exit-animation=\"\" data-eds-exit-delay=\"0\" data-eds-exit-duration=\"0.5\" data-eds-exit-timing=\"linear\" data-eds-repeat-count=\"1\" data-eds-keep=\"yes\" data-eds-animate-on=\"scroll\" data-eds-scroll-offset=\"10\">\n<figure class=\"wp-block-image size-large\"><img loading=\"lazy\" decoding=\"async\" width=\"768\" height=\"1024\" src=\"https:\/\/beauty-bike.fr\/wp-content\/uploads\/2023\/03\/image00001-768x1024.jpeg\" alt=\"\" class=\"wp-image-339\" srcset=\"https:\/\/beauty-bike.fr\/wp-content\/uploads\/2023\/03\/image00001-768x1024.jpeg 768w, https:\/\/beauty-bike.fr\/wp-content\/uploads\/2023\/03\/image00001-scaled-600x800.jpeg 600w, https:\/\/beauty-bike.fr\/wp-content\/uploads\/2023\/03\/image00001-225x300.jpeg 225w, https:\/\/beauty-bike.fr\/wp-content\/uploads\/2023\/03\/image00001-1152x1536.jpeg 1152w, https:\/\/beauty-bike.fr\/wp-content\/uploads\/2023\/03\/image00001-1536x2048.jpeg 1536w, https:\/\/beauty-bike.fr\/wp-content\/uploads\/2023\/03\/image00001-2000x2667.jpeg 2000w, https:\/\/beauty-bike.fr\/wp-content\/uploads\/2023\/03\/image00001-scaled.jpeg 1920w\" sizes=\"auto, (max-width: 768px) 100vw, 768px\" \/><\/figure>\n<\/div><\/div>\n<\/div>\n<\/div>\n\n\n\n<hr class=\"wp-block-separator has-alpha-channel-opacity\"\/>\n\n\n\n<div class=\"wp-block-columns is-layout-flex wp-container-core-columns-is-layout-28f84493 wp-block-columns-is-layout-flex\">\n<div class=\"wp-block-column is-layout-flow wp-block-column-is-layout-flow\" style=\"flex-basis:25%\"><\/div>\n\n\n\n<div class=\"wp-block-column is-layout-flow wp-block-column-is-layout-flow\" style=\"flex-basis:50%\">\n<div class=\"wp-block-eds-animate-it-block eds-animate-block-save\"><div class=\"eds-animate animated edsanimate-sis-hidden  \" data-eds-entry-animation=\"fadeIn\" data-eds-entry-delay=\"0\" data-eds-entry-duration=\"1\" data-eds-entry-timing=\"linear\" data-eds-exit-animation=\"\" data-eds-exit-delay=\"0\" data-eds-exit-duration=\"0.5\" data-eds-exit-timing=\"linear\" data-eds-repeat-count=\"1\" data-eds-keep=\"yes\" data-eds-animate-on=\"scroll\" data-eds-scroll-offset=\"50\">\n<figure class=\"wp-block-video\"><video height=\"1920\" style=\"aspect-ratio: 1080 \/ 1920;\" width=\"1080\" controls src=\"https:\/\/beauty-bike.fr\/wp-content\/uploads\/2023\/03\/Reel-BB-sauna5.mp4\"><\/video><\/figure>\n<\/div><\/div>\n<\/div>\n\n\n\n<div class=\"wp-block-column is-layout-flow wp-block-column-is-layout-flow\" style=\"flex-basis:25%\"><\/div>\n<\/div>\n","protected":false},"excerpt":{"rendered":"","protected":false},"author":1,"featured_media":310,"parent":0,"menu_order":0,"comment_status":"closed","ping_status":"closed","template":"","meta":{"footnotes":""},"class_list":["post-215","page","type-page","status-publish","has-post-thumbnail","hentry"],"yoast_head":"<!-- This site is optimized with the Yoast SEO plugin v27.5 - https:\/\/yoast.com\/product\/yoast-seo-wordpress\/ -->\n<title>Sauna infrarouge - BeautyBike<\/title>\n<meta name=\"description\" content=\"d\u00e9couvrez les bienfaits d&#039;un sauna infrarouge chez votre conseiller bien-\u00eatre, Beauty Bike. Une cabine auna infrarouge 2 places vous y attend\" \/>\n<meta name=\"robots\" content=\"index, follow, max-snippet:-1, max-image-preview:large, max-video-preview:-1\" \/>\n<link rel=\"canonical\" href=\"https:\/\/beauty-bike.fr\/index.php\/sauna-infrarouge\/\" \/>\n<meta property=\"og:locale\" content=\"en_US\" \/>\n<meta property=\"og:type\" content=\"article\" \/>\n<meta property=\"og:title\" content=\"Sauna infrarouge - BeautyBike\" \/>\n<meta property=\"og:description\" content=\"d\u00e9couvrez les bienfaits d&#039;un sauna infrarouge chez votre conseiller bien-\u00eatre, Beauty Bike. Une cabine auna infrarouge 2 places vous y attend\" \/>\n<meta property=\"og:url\" content=\"https:\/\/beauty-bike.fr\/index.php\/sauna-infrarouge\/\" \/>\n<meta property=\"og:site_name\" content=\"BeautyBike\" \/>\n<meta property=\"article:modified_time\" content=\"2023-06-02T15:58:05+00:00\" \/>\n<meta property=\"og:image\" content=\"https:\/\/beauty-bike.fr\/wp-content\/uploads\/2023\/03\/le-sauna-1024x683.jpeg\" \/>\n\t<meta property=\"og:image:width\" content=\"1024\" \/>\n\t<meta property=\"og:image:height\" content=\"683\" \/>\n\t<meta property=\"og:image:type\" content=\"image\/jpeg\" \/>\n<meta name=\"twitter:card\" content=\"summary_large_image\" \/>\n<meta name=\"twitter:label1\" content=\"Est. reading time\" \/>\n\t<meta name=\"twitter:data1\" content=\"2 minutes\" \/>\n<script type=\"application\/ld+json\" class=\"yoast-schema-graph\">{\"@context\":\"https:\\\/\\\/schema.org\",\"@graph\":[{\"@type\":\"WebPage\",\"@id\":\"https:\\\/\\\/beauty-bike.fr\\\/index.php\\\/sauna-infrarouge\\\/\",\"url\":\"https:\\\/\\\/beauty-bike.fr\\\/index.php\\\/sauna-infrarouge\\\/\",\"name\":\"Sauna infrarouge - BeautyBike\",\"isPartOf\":{\"@id\":\"https:\\\/\\\/beauty-bike.fr\\\/#website\"},\"primaryImageOfPage\":{\"@id\":\"https:\\\/\\\/beauty-bike.fr\\\/index.php\\\/sauna-infrarouge\\\/#primaryimage\"},\"image\":{\"@id\":\"https:\\\/\\\/beauty-bike.fr\\\/index.php\\\/sauna-infrarouge\\\/#primaryimage\"},\"thumbnailUrl\":\"https:\\\/\\\/beauty-bike.fr\\\/wp-content\\\/uploads\\\/2023\\\/03\\\/le-sauna.jpeg\",\"datePublished\":\"2023-03-24T10:01:38+00:00\",\"dateModified\":\"2023-06-02T15:58:05+00:00\",\"description\":\"d\u00e9couvrez les bienfaits d'un sauna infrarouge chez votre conseiller bien-\u00eatre, Beauty Bike. Une cabine auna infrarouge 2 places vous y attend\",\"inLanguage\":\"en-US\",\"potentialAction\":[{\"@type\":\"ReadAction\",\"target\":[\"https:\\\/\\\/beauty-bike.fr\\\/index.php\\\/sauna-infrarouge\\\/\"]}]},{\"@type\":\"ImageObject\",\"inLanguage\":\"en-US\",\"@id\":\"https:\\\/\\\/beauty-bike.fr\\\/index.php\\\/sauna-infrarouge\\\/#primaryimage\",\"url\":\"https:\\\/\\\/beauty-bike.fr\\\/wp-content\\\/uploads\\\/2023\\\/03\\\/le-sauna.jpeg\",\"contentUrl\":\"https:\\\/\\\/beauty-bike.fr\\\/wp-content\\\/uploads\\\/2023\\\/03\\\/le-sauna.jpeg\",\"width\":2560,\"height\":1708},{\"@type\":\"WebSite\",\"@id\":\"https:\\\/\\\/beauty-bike.fr\\\/#website\",\"url\":\"https:\\\/\\\/beauty-bike.fr\\\/\",\"name\":\"BeautyBike\",\"description\":\"Votre centre d&#039;aquabike depuis 12 ans\",\"publisher\":{\"@id\":\"https:\\\/\\\/beauty-bike.fr\\\/#organization\"},\"potentialAction\":[{\"@type\":\"SearchAction\",\"target\":{\"@type\":\"EntryPoint\",\"urlTemplate\":\"https:\\\/\\\/beauty-bike.fr\\\/?s={search_term_string}\"},\"query-input\":{\"@type\":\"PropertyValueSpecification\",\"valueRequired\":true,\"valueName\":\"search_term_string\"}}],\"inLanguage\":\"en-US\"},{\"@type\":\"Organization\",\"@id\":\"https:\\\/\\\/beauty-bike.fr\\\/#organization\",\"name\":\"BeautyBike\",\"url\":\"https:\\\/\\\/beauty-bike.fr\\\/\",\"logo\":{\"@type\":\"ImageObject\",\"inLanguage\":\"en-US\",\"@id\":\"https:\\\/\\\/beauty-bike.fr\\\/#\\\/schema\\\/logo\\\/image\\\/\",\"url\":\"https:\\\/\\\/beauty-bike.fr\\\/wp-content\\\/uploads\\\/2023\\\/04\\\/cropped-Logo-BeautyBike-contour.png\",\"contentUrl\":\"https:\\\/\\\/beauty-bike.fr\\\/wp-content\\\/uploads\\\/2023\\\/04\\\/cropped-Logo-BeautyBike-contour.png\",\"width\":924,\"height\":231,\"caption\":\"BeautyBike\"},\"image\":{\"@id\":\"https:\\\/\\\/beauty-bike.fr\\\/#\\\/schema\\\/logo\\\/image\\\/\"}}]}<\/script>\n<!-- \/ Yoast SEO plugin. -->","yoast_head_json":{"title":"Sauna infrarouge - BeautyBike","description":"d\u00e9couvrez les bienfaits d'un sauna infrarouge chez votre conseiller bien-\u00eatre, Beauty Bike. Une cabine auna infrarouge 2 places vous y attend","robots":{"index":"index","follow":"follow","max-snippet":"max-snippet:-1","max-image-preview":"max-image-preview:large","max-video-preview":"max-video-preview:-1"},"canonical":"https:\/\/beauty-bike.fr\/index.php\/sauna-infrarouge\/","og_locale":"en_US","og_type":"article","og_title":"Sauna infrarouge - BeautyBike","og_description":"d\u00e9couvrez les bienfaits d'un sauna infrarouge chez votre conseiller bien-\u00eatre, Beauty Bike. Une cabine auna infrarouge 2 places vous y attend","og_url":"https:\/\/beauty-bike.fr\/index.php\/sauna-infrarouge\/","og_site_name":"BeautyBike","article_modified_time":"2023-06-02T15:58:05+00:00","og_image":[{"width":1024,"height":683,"url":"https:\/\/beauty-bike.fr\/wp-content\/uploads\/2023\/03\/le-sauna-1024x683.jpeg","type":"image\/jpeg"}],"twitter_card":"summary_large_image","twitter_misc":{"Est. reading time":"2 minutes"},"schema":{"@context":"https:\/\/schema.org","@graph":[{"@type":"WebPage","@id":"https:\/\/beauty-bike.fr\/index.php\/sauna-infrarouge\/","url":"https:\/\/beauty-bike.fr\/index.php\/sauna-infrarouge\/","name":"Sauna infrarouge - BeautyBike","isPartOf":{"@id":"https:\/\/beauty-bike.fr\/#website"},"primaryImageOfPage":{"@id":"https:\/\/beauty-bike.fr\/index.php\/sauna-infrarouge\/#primaryimage"},"image":{"@id":"https:\/\/beauty-bike.fr\/index.php\/sauna-infrarouge\/#primaryimage"},"thumbnailUrl":"https:\/\/beauty-bike.fr\/wp-content\/uploads\/2023\/03\/le-sauna.jpeg","datePublished":"2023-03-24T10:01:38+00:00","dateModified":"2023-06-02T15:58:05+00:00","description":"d\u00e9couvrez les bienfaits d'un sauna infrarouge chez votre conseiller bien-\u00eatre, Beauty Bike. Une cabine auna infrarouge 2 places vous y attend","inLanguage":"en-US","potentialAction":[{"@type":"ReadAction","target":["https:\/\/beauty-bike.fr\/index.php\/sauna-infrarouge\/"]}]},{"@type":"ImageObject","inLanguage":"en-US","@id":"https:\/\/beauty-bike.fr\/index.php\/sauna-infrarouge\/#primaryimage","url":"https:\/\/beauty-bike.fr\/wp-content\/uploads\/2023\/03\/le-sauna.jpeg","contentUrl":"https:\/\/beauty-bike.fr\/wp-content\/uploads\/2023\/03\/le-sauna.jpeg","width":2560,"height":1708},{"@type":"WebSite","@id":"https:\/\/beauty-bike.fr\/#website","url":"https:\/\/beauty-bike.fr\/","name":"BeautyBike","description":"Votre centre d&#039;aquabike depuis 12 ans","publisher":{"@id":"https:\/\/beauty-bike.fr\/#organization"},"potentialAction":[{"@type":"SearchAction","target":{"@type":"EntryPoint","urlTemplate":"https:\/\/beauty-bike.fr\/?s={search_term_string}"},"query-input":{"@type":"PropertyValueSpecification","valueRequired":true,"valueName":"search_term_string"}}],"inLanguage":"en-US"},{"@type":"Organization","@id":"https:\/\/beauty-bike.fr\/#organization","name":"BeautyBike","url":"https:\/\/beauty-bike.fr\/","logo":{"@type":"ImageObject","inLanguage":"en-US","@id":"https:\/\/beauty-bike.fr\/#\/schema\/logo\/image\/","url":"https:\/\/beauty-bike.fr\/wp-content\/uploads\/2023\/04\/cropped-Logo-BeautyBike-contour.png","contentUrl":"https:\/\/beauty-bike.fr\/wp-content\/uploads\/2023\/04\/cropped-Logo-BeautyBike-contour.png","width":924,"height":231,"caption":"BeautyBike"},"image":{"@id":"https:\/\/beauty-bike.fr\/#\/schema\/logo\/image\/"}}]}},"jetpack_sharing_enabled":true,"_links":{"self":[{"href":"https:\/\/beauty-bike.fr\/index.php\/wp-json\/wp\/v2\/pages\/215","targetHints":{"allow":["GET"]}}],"collection":[{"href":"https:\/\/beauty-bike.fr\/index.php\/wp-json\/wp\/v2\/pages"}],"about":[{"href":"https:\/\/beauty-bike.fr\/index.php\/wp-json\/wp\/v2\/types\/page"}],"author":[{"embeddable":true,"href":"https:\/\/beauty-bike.fr\/index.php\/wp-json\/wp\/v2\/users\/1"}],"replies":[{"embeddable":true,"href":"https:\/\/beauty-bike.fr\/index.php\/wp-json\/wp\/v2\/comments?post=215"}],"version-history":[{"count":38,"href":"https:\/\/beauty-bike.fr\/index.php\/wp-json\/wp\/v2\/pages\/215\/revisions"}],"predecessor-version":[{"id":722,"href":"https:\/\/beauty-bike.fr\/index.php\/wp-json\/wp\/v2\/pages\/215\/revisions\/722"}],"wp:featuredmedia":[{"embeddable":true,"href":"https:\/\/beauty-bike.fr\/index.php\/wp-json\/wp\/v2\/media\/310"}],"wp:attachment":[{"href":"https:\/\/beauty-bike.fr\/index.php\/wp-json\/wp\/v2\/media?parent=215"}],"curies":[{"name":"wp","href":"https:\/\/api.w.org\/{rel}","templated":true}]}}